{"id":92523,"date":"2022-05-11T09:43:33","date_gmt":"2022-05-11T09:43:33","guid":{"rendered":"https:\/\/piqazo.nl\/divi-engineer\/?page_id=80"},"modified":"2026-03-11T12:50:41","modified_gmt":"2026-03-11T10:50:41","slug":"blogi","status":"publish","type":"page","link":"https:\/\/smartair.fi\/en\/blogi\/","title":{"rendered":"Blog"},"content":{"rendered":"<div class=\"et_pb_section_0 et_pb_section et_section_regular et_block_section\"><div class=\"et_pb_row_0 et_pb_row et_block_row\"><div class=\"et_pb_column_0 et_pb_column et_pb_column_4_4 et-last-child et_block_column et_pb_css_mix_blend_mode_passthrough\"><div class=\"et_pb_text_0 et_pb_text et_pb_bg_layout_light et_pb_module et_block_module preset--module--divi-text--default\"><div class=\"et_pb_text_inner\"><p>SMARTAIR<\/p>\n<\/div><\/div><div class=\"et_pb_text_1 et_pb_text et_pb_bg_layout_light et_pb_module et_block_module preset--module--divi-text--default\"><div class=\"et_pb_text_inner\"><h1>Blog<\/h1>\n<\/div><\/div><\/div><\/div><div class=\"et_pb_row_1 et_pb_row et_block_row\"><div class=\"et_pb_column_1 et_pb_column et_pb_column_4_4 et-last-child et_block_column et_pb_css_mix_blend_mode_passthrough\"><div class=\"et_pb_divider_0 et_pb_divider et_pb_space et_pb_divider_position_top et_pb_module\"><div class=\"et_pb_divider_internal\"><\/div><\/div><div class=\"et_pb_divider_1 et_pb_divider_hidden et_pb_space et_pb_divider_position_top et_pb_module dot-right-bottom sub-page-dot\"><div class=\"et_pb_divider_internal\"><\/div><\/div><\/div><\/div><\/div><div class=\"et_pb_section_1 et_pb_section et_section_regular et_block_section\"><div class=\"et_pb_row_2 et_pb_row et_block_row\"><div class=\"et_pb_column_2 et_pb_column et_pb_column_4_4 et-last-child et_block_column et_pb_css_mix_blend_mode_passthrough\"><div class=\"et_pb_text_2 et_pb_text et_pb_bg_layout_light et_pb_module et_block_module et_pb_text_align_center preset--module--divi-text--default\"><div class=\"et_pb_text_inner\"><p>BUILDING THE FUTURE<\/p>\n<\/div><\/div><div class=\"et_pb_text_3 et_pb_text et_pb_bg_layout_light et_pb_module et_block_module preset--module--divi-text--default\"><div class=\"et_pb_text_inner\"><h2>SMARTAIR<\/h2>\n<\/div><\/div><\/div><\/div><div class=\"et_pb_row_3 et_pb_row et_block_row\"><div class=\"et_pb_column_3 et_pb_column et_pb_column_4_4 et-last-child et_block_column et_pb_css_mix_blend_mode_passthrough\"><div class=\"et_pb_blog_0 et_pb_blog et_pb_bg_layout_light et_pb_posts et_pb_module blog-fullwidth dt-blog-equal-height\"><div class=\"et_pb_ajax_pagination_container\"><div class=\"et_pb_posts et_grid_module\"><article class=\"et_pb_post et_pb_post_id_101634 clearfix et_pb_has_overlay et_pb_blog_item_0_0 post-101634 post type-post status-publish format-standard has-post-thumbnail hentry category-yleinen\"><div class=\"et_pb_image_container\"><a href=\"https:\/\/smartair.fi\/en\/teknologian-kehitys-paineilman-hallinnassa\/\" class=\"entry-featured-image-url\"><img decoding=\"async\" src=\"https:\/\/smartair.fi\/wp-content\/uploads\/2026\/04\/Kuva-6-oljyton-keskipakokompressori-teollisuus.jpg\" width=\"400\" height=\"284\" alt=\"Teknologian kehitys paineilman hallinnassa\" class=\"\" srcset=\"https:\/\/smartair.fi\/wp-content\/uploads\/2026\/04\/Kuva-6-oljyton-keskipakokompressori-teollisuus.jpg 479w, https:\/\/smartair.fi\/wp-content\/uploads\/2026\/04\/Kuva-6-oljyton-keskipakokompressori-teollisuus-400x284.jpg 480w\" sizes=\"(max-width:479px) 479px, 100vw\" \/><span data-icon=\"\uf5da\" class=\"et_overlay et_pb_inline_icon\"><\/span><\/a><\/div><h2 class=\"entry-title\"><a href=\"https:\/\/smartair.fi\/en\/teknologian-kehitys-paineilman-hallinnassa\/\">Technological developments in compressed air management<\/a><\/h2><p class=\"post-meta\"><span class=\"published\">Apr 28, 2026<\/span><\/p><div class=\"post-content\"><div class=\"post-content-inner\"><\/div><a href=\"https:\/\/smartair.fi\/en\/teknologian-kehitys-paineilman-hallinnassa\/\" class=\"more-link\">read more...<\/a><\/div><\/article><article class=\"et_pb_post et_pb_post_id_101617 clearfix et_pb_has_overlay et_pb_blog_item_0_1 post-101617 post type-post status-publish format-standard has-post-thumbnail hentry category-yleinen\"><div class=\"et_pb_image_container\"><a href=\"https:\/\/smartair.fi\/en\/mista-paineilma-aseman-saastot-syntyvat\/\" class=\"entry-featured-image-url\"><img decoding=\"async\" src=\"https:\/\/smartair.fi\/wp-content\/uploads\/2026\/04\/smartair_tamppi.jpg\" width=\"400\" height=\"284\" alt=\"Mist\u00e4 paineilma-aseman s\u00e4\u00e4st\u00f6t syntyv\u00e4t?\" class=\"\" srcset=\"https:\/\/smartair.fi\/wp-content\/uploads\/2026\/04\/smartair_tamppi.jpg 479w, https:\/\/smartair.fi\/wp-content\/uploads\/2026\/04\/smartair_tamppi-400x284.jpg 480w\" sizes=\"(max-width:479px) 479px, 100vw\" \/><span data-icon=\"\uf5da\" class=\"et_overlay et_pb_inline_icon\"><\/span><\/a><\/div><h2 class=\"entry-title\"><a href=\"https:\/\/smartair.fi\/en\/mista-paineilma-aseman-saastot-syntyvat\/\">Where do the savings in a compressed air station come from?<\/a><\/h2><p class=\"post-meta\"><span class=\"published\">Apr 27, 2026<\/span><\/p><div class=\"post-content\"><div class=\"post-content-inner\"><\/div><a href=\"https:\/\/smartair.fi\/en\/mista-paineilma-aseman-saastot-syntyvat\/\" class=\"more-link\">read more...<\/a><\/div><\/article><article class=\"et_pb_post et_pb_post_id_101523 clearfix et_pb_has_overlay et_pb_blog_item_0_2 post-101523 post type-post status-publish format-standard has-post-thumbnail hentry category-yleinen\"><div class=\"et_pb_image_container\"><a href=\"https:\/\/smartair.fi\/en\/paineilmajarjestelman-suunnittelu-kuinka-teollisuus-voi-saastaa-energiaa-ja-kustannuksia\/\" class=\"entry-featured-image-url\"><img decoding=\"async\" src=\"https:\/\/smartair.fi\/wp-content\/uploads\/2026\/03\/Kuva_2_oljyvapaa_keskipakoiskompressori.jpg\" width=\"400\" height=\"284\" alt=\"Paineilmaj\u00e4rjestelm\u00e4n suunnittelu \u2013 kuinka teollisuus voi s\u00e4\u00e4st\u00e4\u00e4 energiaa ja kustannuksia\" class=\"\" srcset=\"https:\/\/smartair.fi\/wp-content\/uploads\/2026\/03\/Kuva_2_oljyvapaa_keskipakoiskompressori.jpg 479w, https:\/\/smartair.fi\/wp-content\/uploads\/2026\/03\/Kuva_2_oljyvapaa_keskipakoiskompressori-400x284.jpg 480w\" sizes=\"(max-width:479px) 479px, 100vw\" \/><span data-icon=\"\uf5da\" class=\"et_overlay et_pb_inline_icon\"><\/span><\/a><\/div><h2 class=\"entry-title\"><a href=\"https:\/\/smartair.fi\/en\/paineilmajarjestelman-suunnittelu-kuinka-teollisuus-voi-saastaa-energiaa-ja-kustannuksia\/\">Compressed air system design \u2013 how industry can save energy and costs<\/a><\/h2><p class=\"post-meta\"><span class=\"published\">Mar 13, 2026<\/span><\/p><div class=\"post-content\"><div class=\"post-content-inner\"><\/div><a href=\"https:\/\/smartair.fi\/en\/paineilmajarjestelman-suunnittelu-kuinka-teollisuus-voi-saastaa-energiaa-ja-kustannuksia\/\" class=\"more-link\">read more...<\/a><\/div><\/article><article class=\"et_pb_post et_pb_post_id_101337 clearfix et_pb_has_overlay et_pb_blog_item_0_3 post-101337 post type-post status-publish format-standard has-post-thumbnail hentry category-yleinen\"><div class=\"et_pb_image_container\"><a href=\"https:\/\/smartair.fi\/en\/nain-varmistat-korkealaatuisen-ja-kuivan-paineilman-prosessissasi\/\" class=\"entry-featured-image-url\"><img decoding=\"async\" src=\"https:\/\/smartair.fi\/wp-content\/uploads\/2026\/02\/LIFT-Customer-case-Walki-SmartAir-2-800x450-1.jpg\" width=\"400\" height=\"284\" alt=\"N\u00e4in varmistat korkealaatuisen ja kuivan paineilman prosessissasi\" class=\"\" srcset=\"https:\/\/smartair.fi\/wp-content\/uploads\/2026\/02\/LIFT-Customer-case-Walki-SmartAir-2-800x450-1.jpg 479w, https:\/\/smartair.fi\/wp-content\/uploads\/2026\/02\/LIFT-Customer-case-Walki-SmartAir-2-800x450-1-400x284.jpg 480w\" sizes=\"(max-width:479px) 479px, 100vw\" \/><span data-icon=\"\uf5da\" class=\"et_overlay et_pb_inline_icon\"><\/span><\/a><\/div><h2 class=\"entry-title\"><a href=\"https:\/\/smartair.fi\/en\/nain-varmistat-korkealaatuisen-ja-kuivan-paineilman-prosessissasi\/\">This is how you ensure high-quality and dry compressed air in your process<\/a><\/h2><p class=\"post-meta\"><span class=\"published\">Feb 12, 2026<\/span><\/p><div class=\"post-content\"><div class=\"post-content-inner\"><\/div><a href=\"https:\/\/smartair.fi\/en\/nain-varmistat-korkealaatuisen-ja-kuivan-paineilman-prosessissasi\/\" class=\"more-link\">read more...<\/a><\/div><\/article><article class=\"et_pb_post et_pb_post_id_101154 clearfix et_pb_has_overlay et_pb_blog_item_0_4 post-101154 post type-post status-publish format-standard has-post-thumbnail hentry category-referenssi\"><div class=\"et_pb_image_container\"><a href=\"https:\/\/smartair.fi\/en\/pvs-smartair-ja-vaisala-paineilman-olosuhdevalvonta\/\" class=\"entry-featured-image-url\"><img decoding=\"async\" src=\"https:\/\/smartair.fi\/wp-content\/uploads\/2025\/09\/vaisala_blogi.jpg\" width=\"400\" height=\"284\" alt=\"PVS SmartAir ja Vaisala paineilman olosuhdevalvonta\" class=\"\" srcset=\"https:\/\/smartair.fi\/wp-content\/uploads\/2025\/09\/vaisala_blogi.jpg 479w, https:\/\/smartair.fi\/wp-content\/uploads\/2025\/09\/vaisala_blogi-400x284.jpg 480w\" sizes=\"(max-width:479px) 479px, 100vw\" \/><span data-icon=\"\uf5da\" class=\"et_overlay et_pb_inline_icon\"><\/span><\/a><\/div><h2 class=\"entry-title\"><a href=\"https:\/\/smartair.fi\/en\/pvs-smartair-ja-vaisala-paineilman-olosuhdevalvonta\/\">PVS SmartAir and Vaisala compressed air condition monitoring<\/a><\/h2><p class=\"post-meta\"><span class=\"published\">Sep 23, 2025<\/span><\/p><div class=\"post-content\"><div class=\"post-content-inner\"><\/div><a href=\"https:\/\/smartair.fi\/en\/pvs-smartair-ja-vaisala-paineilman-olosuhdevalvonta\/\" class=\"more-link\">read more...<\/a><\/div><\/article><article class=\"et_pb_post et_pb_post_id_101018 clearfix et_pb_has_overlay et_pb_blog_item_0_5 post-101018 post type-post status-publish format-standard has-post-thumbnail hentry category-referenssi category-yleinen\"><div class=\"et_pb_image_container\"><a href=\"https:\/\/smartair.fi\/en\/paineilmakontin-suunnittelu-ja-toteutus\/\" class=\"entry-featured-image-url\"><img decoding=\"async\" src=\"https:\/\/smartair.fi\/wp-content\/uploads\/2025\/05\/smartair-paineilmakontin-suunnittelu-2025.jpg\" width=\"400\" height=\"284\" alt=\"Paineilmakontin suunnittelu ja toteutus\" class=\"\" srcset=\"https:\/\/smartair.fi\/wp-content\/uploads\/2025\/05\/smartair-paineilmakontin-suunnittelu-2025.jpg 479w, https:\/\/smartair.fi\/wp-content\/uploads\/2025\/05\/smartair-paineilmakontin-suunnittelu-2025-400x284.jpg 480w\" sizes=\"(max-width:479px) 479px, 100vw\" \/><span data-icon=\"\uf5da\" class=\"et_overlay et_pb_inline_icon\"><\/span><\/a><\/div><h2 class=\"entry-title\"><a href=\"https:\/\/smartair.fi\/en\/paineilmakontin-suunnittelu-ja-toteutus\/\">Design and implementation of a compressed air container<\/a><\/h2><p class=\"post-meta\"><span class=\"published\">May 7, 2025<\/span><\/p><div class=\"post-content\"><div class=\"post-content-inner\"><\/div><a href=\"https:\/\/smartair.fi\/en\/paineilmakontin-suunnittelu-ja-toteutus\/\" class=\"more-link\">read more...<\/a><\/div><\/article><article class=\"et_pb_post et_pb_post_id_100997 clearfix et_pb_has_overlay et_pb_blog_item_0_6 post-100997 post type-post status-publish format-standard has-post-thumbnail hentry category-yleinen category-uutuustuote\"><div class=\"et_pb_image_container\"><a href=\"https:\/\/smartair.fi\/en\/vpinstruments-lanseeraa-vpflowscope-m-p220\/\" class=\"entry-featured-image-url\"><img decoding=\"async\" src=\"https:\/\/smartair.fi\/wp-content\/uploads\/2025\/03\/VPFlowScope-M-P220-installed_rajattu.jpg\" width=\"400\" height=\"284\" alt=\"VPInstruments lanseeraa VPFlowScope M P220\" class=\"\" srcset=\"https:\/\/smartair.fi\/wp-content\/uploads\/2025\/03\/VPFlowScope-M-P220-installed_rajattu.jpg 479w, https:\/\/smartair.fi\/wp-content\/uploads\/2025\/03\/VPFlowScope-M-P220-installed_rajattu-400x284.jpg 480w\" sizes=\"(max-width:479px) 479px, 100vw\" \/><span data-icon=\"\uf5da\" class=\"et_overlay et_pb_inline_icon\"><\/span><\/a><\/div><h2 class=\"entry-title\"><a href=\"https:\/\/smartair.fi\/en\/vpinstruments-lanseeraa-vpflowscope-m-p220\/\">VPInstruments launches VPFlowScope M P220<\/a><\/h2><p class=\"post-meta\"><span class=\"published\">Mar 26, 2025<\/span><\/p><div class=\"post-content\"><div class=\"post-content-inner\"><\/div><a href=\"https:\/\/smartair.fi\/en\/vpinstruments-lanseeraa-vpflowscope-m-p220\/\" class=\"more-link\">read more...<\/a><\/div><\/article><article class=\"et_pb_post et_pb_post_id_100989 clearfix et_pb_has_overlay et_pb_blog_item_0_7 post-100989 post type-post status-publish format-standard has-post-thumbnail hentry category-yleinen\"><div class=\"et_pb_image_container\"><a href=\"https:\/\/smartair.fi\/en\/smartair-tukemassa-sinituotteen-hiilineutraaliustavoitteita\/\" class=\"entry-featured-image-url\"><img decoding=\"async\" src=\"https:\/\/smartair.fi\/wp-content\/uploads\/2025\/03\/smartair-sinituote-tehdas-e1742832863828.jpg\" width=\"400\" height=\"284\" alt=\"SmartAir tukemassa Sinituotteen hiilineutraaliustavoitteita\" class=\"\" srcset=\"https:\/\/smartair.fi\/wp-content\/uploads\/2025\/03\/smartair-sinituote-tehdas-e1742832863828.jpg 479w, https:\/\/smartair.fi\/wp-content\/uploads\/2025\/03\/smartair-sinituote-tehdas-e1742832863828-400x284.jpg 480w\" sizes=\"(max-width:479px) 479px, 100vw\" \/><span data-icon=\"\uf5da\" class=\"et_overlay et_pb_inline_icon\"><\/span><\/a><\/div><h2 class=\"entry-title\"><a href=\"https:\/\/smartair.fi\/en\/smartair-tukemassa-sinituotteen-hiilineutraaliustavoitteita\/\">SmartAir supports Sinituuto&#039;s carbon neutrality goals<\/a><\/h2><p class=\"post-meta\"><span class=\"published\">Mar 24, 2025<\/span><\/p><div class=\"post-content\"><div class=\"post-content-inner\"><\/div><a href=\"https:\/\/smartair.fi\/en\/smartair-tukemassa-sinituotteen-hiilineutraaliustavoitteita\/\" class=\"more-link\">read more...<\/a><\/div><\/article><article class=\"et_pb_post et_pb_post_id_100945 clearfix et_pb_has_overlay et_pb_blog_item_0_8 post-100945 post type-post status-publish format-standard has-post-thumbnail hentry category-yleinen\"><div class=\"et_pb_image_container\"><a href=\"https:\/\/smartair.fi\/en\/johdatus-paineilman-virtausmittaukseen\/\" class=\"entry-featured-image-url\"><img decoding=\"async\" src=\"https:\/\/smartair.fi\/wp-content\/uploads\/2025\/03\/smartair-johdatus-blogi.jpg\" width=\"400\" height=\"284\" alt=\"Johdatus Paineilman virtausmittaukseen\" class=\"\" srcset=\"https:\/\/smartair.fi\/wp-content\/uploads\/2025\/03\/smartair-johdatus-blogi.jpg 479w, https:\/\/smartair.fi\/wp-content\/uploads\/2025\/03\/smartair-johdatus-blogi-400x284.jpg 480w\" sizes=\"(max-width:479px) 479px, 100vw\" \/><span data-icon=\"\uf5da\" class=\"et_overlay et_pb_inline_icon\"><\/span><\/a><\/div><h2 class=\"entry-title\"><a href=\"https:\/\/smartair.fi\/en\/johdatus-paineilman-virtausmittaukseen\/\">Introduction to Compressed Air Flow Measurement<\/a><\/h2><p class=\"post-meta\"><span class=\"published\">Mar 7, 2025<\/span><\/p><div class=\"post-content\"><div class=\"post-content-inner\"><\/div><a href=\"https:\/\/smartair.fi\/en\/johdatus-paineilman-virtausmittaukseen\/\" class=\"more-link\">read more...<\/a><\/div><\/article><article class=\"et_pb_post et_pb_post_id_100543 clearfix et_pb_has_overlay et_pb_blog_item_0_9 post-100543 post type-post status-publish format-standard has-post-thumbnail hentry category-yleinen\"><div class=\"et_pb_image_container\"><a href=\"https:\/\/smartair.fi\/en\/paineilman-vuotokuvaus-prometalli-2-2024\/\" class=\"entry-featured-image-url\"><img decoding=\"async\" src=\"https:\/\/smartair.fi\/wp-content\/uploads\/2024\/06\/paineilman-vuotokuvaus-prometalli-02-2024-kansi.jpg\" width=\"400\" height=\"284\" alt=\"Paineilman vuotokuvaus \/ Prometalli 2\/2024\" class=\"\" srcset=\"https:\/\/smartair.fi\/wp-content\/uploads\/2024\/06\/paineilman-vuotokuvaus-prometalli-02-2024-kansi.jpg 479w, https:\/\/smartair.fi\/wp-content\/uploads\/2024\/06\/paineilman-vuotokuvaus-prometalli-02-2024-kansi-400x284.jpg 480w\" sizes=\"(max-width:479px) 479px, 100vw\" \/><span data-icon=\"\uf5da\" class=\"et_overlay et_pb_inline_icon\"><\/span><\/a><\/div><h2 class=\"entry-title\"><a href=\"https:\/\/smartair.fi\/en\/paineilman-vuotokuvaus-prometalli-2-2024\/\">Compressed air leak detection \/ Prometalli 2\/2024<\/a><\/h2><p class=\"post-meta\"><span class=\"published\">Jun 7, 2024<\/span><\/p><div class=\"post-content\"><div class=\"post-content-inner\"><\/div><a href=\"https:\/\/smartair.fi\/en\/paineilman-vuotokuvaus-prometalli-2-2024\/\" class=\"more-link\">read more...<\/a><\/div><\/article><article class=\"et_pb_post et_pb_post_id_100485 clearfix et_pb_has_overlay et_pb_blog_item_0_10 post-100485 post type-post status-publish format-standard has-post-thumbnail hentry category-yleinen\"><div class=\"et_pb_image_container\"><a href=\"https:\/\/smartair.fi\/en\/generating-energy-and-cost-savings-while-using-compressed-air\/\" class=\"entry-featured-image-url\"><img decoding=\"async\" src=\"https:\/\/smartair.fi\/wp-content\/uploads\/2024\/05\/LIFT-Customer-case-Walki-SmartAir-2-800x450-1.jpg\" width=\"400\" height=\"284\" alt=\"Generating energy and cost savings while using compressed air\" class=\"\" srcset=\"https:\/\/smartair.fi\/wp-content\/uploads\/2024\/05\/LIFT-Customer-case-Walki-SmartAir-2-800x450-1.jpg 479w, https:\/\/smartair.fi\/wp-content\/uploads\/2024\/05\/LIFT-Customer-case-Walki-SmartAir-2-800x450-1-400x284.jpg 480w\" sizes=\"(max-width:479px) 479px, 100vw\" \/><span data-icon=\"\uf5da\" class=\"et_overlay et_pb_inline_icon\"><\/span><\/a><\/div><h2 class=\"entry-title\"><a href=\"https:\/\/smartair.fi\/en\/generating-energy-and-cost-savings-while-using-compressed-air\/\">Generating energy and cost savings while using compressed air<\/a><\/h2><p class=\"post-meta\"><span class=\"published\">May 8, 2024<\/span><\/p><div class=\"post-content\"><div class=\"post-content-inner\"><\/div><a href=\"https:\/\/smartair.fi\/en\/generating-energy-and-cost-savings-while-using-compressed-air\/\" class=\"more-link\">read more...<\/a><\/div><\/article><article class=\"et_pb_post et_pb_post_id_100264 clearfix et_pb_has_overlay et_pb_blog_item_0_11 post-100264 post type-post status-publish format-standard has-post-thumbnail hentry category-referenssi category-yleinen\"><div class=\"et_pb_image_container\"><a href=\"https:\/\/smartair.fi\/en\/smartair-and-energy-oy-tukemassa-valmetin-ilmasto-ohjelmaa\/\" class=\"entry-featured-image-url\"><img decoding=\"async\" src=\"https:\/\/smartair.fi\/wp-content\/uploads\/2023\/04\/smartair-valmet.jpg\" width=\"400\" height=\"284\" alt=\"SmartAir And Energy Oy tukemassa Valmetin ilmasto-ohjelmaa\" class=\"\" srcset=\"https:\/\/smartair.fi\/wp-content\/uploads\/2023\/04\/smartair-valmet.jpg 479w, https:\/\/smartair.fi\/wp-content\/uploads\/2023\/04\/smartair-valmet-400x284.jpg 480w\" sizes=\"(max-width:479px) 479px, 100vw\" \/><span data-icon=\"\uf5da\" class=\"et_overlay et_pb_inline_icon\"><\/span><\/a><\/div><h2 class=\"entry-title\"><a href=\"https:\/\/smartair.fi\/en\/smartair-and-energy-oy-tukemassa-valmetin-ilmasto-ohjelmaa\/\">SmartAir And Energy Oy supports Valmet&#039;s climate program<\/a><\/h2><p class=\"post-meta\"><span class=\"published\">Apr 13, 2023<\/span><\/p><div class=\"post-content\"><div class=\"post-content-inner\"><\/div><a href=\"https:\/\/smartair.fi\/en\/smartair-and-energy-oy-tukemassa-valmetin-ilmasto-ohjelmaa\/\" class=\"more-link\">read more...<\/a><\/div><\/article><article class=\"et_pb_post et_pb_post_id_100261 clearfix et_pb_has_overlay et_pb_blog_item_0_12 post-100261 post type-post status-publish format-standard has-post-thumbnail hentry category-yleinen\"><div class=\"et_pb_image_container\"><a href=\"https:\/\/smartair.fi\/en\/paineilma-teollisuuden-tarkeimpia-hyodykkeita\/\" class=\"entry-featured-image-url\"><img decoding=\"async\" src=\"https:\/\/smartair.fi\/wp-content\/uploads\/2023\/04\/paineilma-teollisuuden-tarkeimpia-hyodykkeita.jpg\" width=\"400\" height=\"284\" alt=\"PAINEILMA &#8211; TEOLLISUUDEN T\u00c4RKEIMPI\u00c4 HY\u00d6DYKKEIT\u00c4\" class=\"\" srcset=\"https:\/\/smartair.fi\/wp-content\/uploads\/2023\/04\/paineilma-teollisuuden-tarkeimpia-hyodykkeita.jpg 479w, https:\/\/smartair.fi\/wp-content\/uploads\/2023\/04\/paineilma-teollisuuden-tarkeimpia-hyodykkeita-400x284.jpg 480w\" sizes=\"(max-width:479px) 479px, 100vw\" \/><span data-icon=\"\uf5da\" class=\"et_overlay et_pb_inline_icon\"><\/span><\/a><\/div><h2 class=\"entry-title\"><a href=\"https:\/\/smartair.fi\/en\/paineilma-teollisuuden-tarkeimpia-hyodykkeita\/\">COMPRESSED AIR \u2013 THE MOST IMPORTANT COMMODITY IN INDUSTRY<\/a><\/h2><p class=\"post-meta\"><span class=\"published\">Apr 13, 2023<\/span><\/p><div class=\"post-content\"><div class=\"post-content-inner\"><\/div><a href=\"https:\/\/smartair.fi\/en\/paineilma-teollisuuden-tarkeimpia-hyodykkeita\/\" class=\"more-link\">read more...<\/a><\/div><\/article><article class=\"et_pb_post et_pb_post_id_100236 clearfix et_pb_has_overlay et_pb_blog_item_0_13 post-100236 post type-post status-publish format-standard has-post-thumbnail hentry category-yleinen\"><div class=\"et_pb_image_container\"><a href=\"https:\/\/smartair.fi\/en\/teollisuudessa-paineilman-vuodot-aiheuttavat-jopa-757-gwhenergiahavikin-vuodessa-nain-sita-voi-torjua\/\" class=\"entry-featured-image-url\"><img decoding=\"async\" src=\"https:\/\/smartair.fi\/wp-content\/uploads\/2023\/03\/AdobeStock_247850809-scaled-1.jpeg\" width=\"400\" height=\"284\" alt=\"Teollisuudessa paineilman vuodot aiheuttavat jopa 757 GWh&lt;br&gt;energiah\u00e4vikin vuodessa \u2013 N\u00e4in sit\u00e4 voi torjua\" class=\"\" srcset=\"https:\/\/smartair.fi\/wp-content\/uploads\/2023\/03\/AdobeStock_247850809-scaled-1.jpeg 479w, https:\/\/smartair.fi\/wp-content\/uploads\/2023\/03\/AdobeStock_247850809-scaled-1-400x284.jpeg 480w\" sizes=\"(max-width:479px) 479px, 100vw\" \/><span data-icon=\"\uf5da\" class=\"et_overlay et_pb_inline_icon\"><\/span><\/a><\/div><h2 class=\"entry-title\"><a href=\"https:\/\/smartair.fi\/en\/teollisuudessa-paineilman-vuodot-aiheuttavat-jopa-757-gwhenergiahavikin-vuodessa-nain-sita-voi-torjua\/\">Compressed air leaks in industry cause up to 757 GWh&lt;br&gt;of energy loss per year &ndash; Here&amp;#039;s how to prevent it<\/a><\/h2><p class=\"post-meta\"><span class=\"published\">Mar 27, 2023<\/span><\/p><div class=\"post-content\"><div class=\"post-content-inner\"><\/div><a href=\"https:\/\/smartair.fi\/en\/teollisuudessa-paineilman-vuodot-aiheuttavat-jopa-757-gwhenergiahavikin-vuodessa-nain-sita-voi-torjua\/\" class=\"more-link\">read more...<\/a><\/div><\/article><article class=\"et_pb_post et_pb_post_id_100201 clearfix et_pb_has_overlay et_pb_blog_item_0_14 post-100201 post type-post status-publish format-standard has-post-thumbnail hentry category-yleinen\"><div class=\"et_pb_image_container\"><a href=\"https:\/\/smartair.fi\/en\/kuka-haluaa-puhua-paineilmasta\/\" class=\"entry-featured-image-url\"><img decoding=\"async\" src=\"https:\/\/smartair.fi\/wp-content\/uploads\/2023\/03\/smartair-eurometalli-2.jpg\" width=\"400\" height=\"284\" alt=\"Kuka haluaa puhua paineilmasta?\" class=\"\" srcset=\"https:\/\/smartair.fi\/wp-content\/uploads\/2023\/03\/smartair-eurometalli-2.jpg 479w, https:\/\/smartair.fi\/wp-content\/uploads\/2023\/03\/smartair-eurometalli-2-400x284.jpg 480w\" sizes=\"(max-width:479px) 479px, 100vw\" \/><span data-icon=\"\uf5da\" class=\"et_overlay et_pb_inline_icon\"><\/span><\/a><\/div><h2 class=\"entry-title\"><a href=\"https:\/\/smartair.fi\/en\/kuka-haluaa-puhua-paineilmasta\/\">Who wants to talk about compressed air?<\/a><\/h2><p class=\"post-meta\"><span class=\"published\">Mar 27, 2023<\/span><\/p><div class=\"post-content\"><div class=\"post-content-inner\"><\/div><a href=\"https:\/\/smartair.fi\/en\/kuka-haluaa-puhua-paineilmasta\/\" class=\"more-link\">read more...<\/a><\/div><\/article><\/div><\/div><\/div><\/div><\/div><\/div>","protected":false},"excerpt":{"rendered":"","protected":false},"author":1,"featured_media":0,"parent":0,"menu_order":0,"comment_status":"closed","ping_status":"closed","template":"","meta":{"footnotes":""},"class_list":["post-92523","page","type-page","status-publish","hentry"],"_links":{"self":[{"href":"https:\/\/smartair.fi\/en\/wp-json\/wp\/v2\/pages\/92523","targetHints":{"allow":["GET"]}}],"collection":[{"href":"https:\/\/smartair.fi\/en\/wp-json\/wp\/v2\/pages"}],"about":[{"href":"https:\/\/smartair.fi\/en\/wp-json\/wp\/v2\/types\/page"}],"author":[{"embeddable":true,"href":"https:\/\/smartair.fi\/en\/wp-json\/wp\/v2\/users\/1"}],"replies":[{"embeddable":true,"href":"https:\/\/smartair.fi\/en\/wp-json\/wp\/v2\/comments?post=92523"}],"version-history":[{"count":11,"href":"https:\/\/smartair.fi\/en\/wp-json\/wp\/v2\/pages\/92523\/revisions"}],"predecessor-version":[{"id":101425,"href":"https:\/\/smartair.fi\/en\/wp-json\/wp\/v2\/pages\/92523\/revisions\/101425"}],"wp:attachment":[{"href":"https:\/\/smartair.fi\/en\/wp-json\/wp\/v2\/media?parent=92523"}],"curies":[{"name":"wp","href":"https:\/\/api.w.org\/{rel}","templated":true}]}}